{"id":294,"date":"2024-10-30T18:48:06","date_gmt":"2024-10-30T18:48:06","guid":{"rendered":"https:\/\/loja.institutopadrereus.net\/?page_id=294"},"modified":"2026-04-09T11:30:39","modified_gmt":"2026-04-09T11:30:39","slug":"desde-1974","status":"publish","type":"page","link":"https:\/\/institutopadrereus.net\/ipr\/desde-1974\/","title":{"rendered":"Desde 1974"},"content":{"rendered":"\n<p>Instituto Padre Reus<\/p>\n\n\n\n<p>Forma\u00e7\u00e3o Profissional<\/p>\n\n\n\n<p>Ensino a Dist\u00e2ncia<\/p>\n\n\n\n<p>Iniciou as suas atividades em<\/p>\n\n\n\n<p>14 de Agosto de 1974<\/p>\n\n\n\n<p>Iniciativa do brilhante Professor<\/p>\n\n\n\n<p>Jorge Luiz da Rocha Bueno<\/p>\n\n\n\n<p>Santa Cruz do Sul &#8211; RS<\/p>\n\n\n\n<p>A quem homenageamos.<\/p>\n\n\n\n<p>At\u00e9 o ano de 2018<\/p>\n\n\n\n<p>O instituto fornecia<\/p>\n\n\n\n<p>Materiais impressos, livros e apostilas<\/p>\n\n\n\n<p>Em 2020 sob nova dire\u00e7\u00e3o<\/p>\n\n\n\n<p>Entrou para a era digital e<\/p>\n\n\n\n<p>Passou a operar somente online<\/p>\n\n\n\n<p>Atualmente, o Instituto \u00e9:<\/p>\n\n\n\n<p>Uma marca registrada e<\/p>\n\n\n\n<p>Um nome na internet.<\/p>\n\n\n\n<p>Atendemos de seg a dom 8h \u00e1s 22h<\/p>\n\n\n\n<p>Emitimos certificados<\/p>\n\n\n\n<p>Para todas as fun\u00e7\u00f5es<\/p>\n\n\n\n<p>Nivel Profissionalizante<\/p>\n\n\n\n<p>Ter experi\u00eancia acima de 6 meses.<\/p>\n\n\n\n<p><\/p>\n","protected":false},"excerpt":{"rendered":"<p>Instituto Padre Reus Forma\u00e7\u00e3o Profissional Ensino a Dist\u00e2ncia Iniciou as suas atividades em 14 de Agosto de 1974 Iniciativa do [&hellip;]<\/p>\n","protected":false},"author":1,"featured_media":0,"parent":0,"menu_order":0,"comment_status":"closed","ping_status":"closed","template":"","meta":{"site-sidebar-layout":"default","site-content-layout":"","ast-site-content-layout":"default","site-content-style":"default","site-sidebar-style":"default","ast-global-header-display":"","ast-banner-title-visibility":"","ast-main-header-display":"","ast-hfb-above-header-display":"","ast-hfb-below-header-display":"","ast-hfb-mobile-header-display":"","site-post-title":"","ast-breadcrumbs-content":"","ast-featured-img":"","footer-sml-layout":"","ast-disable-related-posts":"","theme-transparent-header-meta":"","adv-header-id-meta":"","stick-header-meta":"","header-above-stick-meta":"","header-main-stick-meta":"","header-below-stick-meta":"","astra-migrate-meta-layouts":"default","ast-page-background-enabled":"default","ast-page-background-meta":{"desktop":{"background-color":"var(--ast-global-color-4)","background-image":"","background-repeat":"repeat","background-position":"center center","background-size":"auto","background-attachment":"scroll","background-type":"","background-media":"","overlay-type":"","overlay-color":"","overlay-opacity":"","overlay-gradient":""},"tablet":{"background-color":"","background-image":"","background-repeat":"repeat","background-position":"center center","background-size":"auto","background-attachment":"scroll","background-type":"","background-media":"","overlay-type":"","overlay-color":"","overlay-opacity":"","overlay-gradient":""},"mobile":{"background-color":"","background-image":"","background-repeat":"repeat","background-position":"center center","background-size":"auto","background-attachment":"scroll","background-type":"","background-media":"","overlay-type":"","overlay-color":"","overlay-opacity":"","overlay-gradient":""}},"ast-content-background-meta":{"desktop":{"background-color":"var(--ast-global-color-5)","background-image":"","background-repeat":"repeat","background-position":"center center","background-size":"auto","background-attachment":"scroll","background-type":"","background-media":"","overlay-type":"","overlay-color":"","overlay-opacity":"","overlay-gradient":""},"tablet":{"background-color":"var(--ast-global-color-5)","background-image":"","background-repeat":"repeat","background-position":"center center","background-size":"auto","background-attachment":"scroll","background-type":"","background-media":"","overlay-type":"","overlay-color":"","overlay-opacity":"","overlay-gradient":""},"mobile":{"background-color":"var(--ast-global-color-5)","background-image":"","background-repeat":"repeat","background-position":"center center","background-size":"auto","background-attachment":"scroll","background-type":"","background-media":"","overlay-type":"","overlay-color":"","overlay-opacity":"","overlay-gradient":""}},"footnotes":""},"class_list":["post-294","page","type-page","status-publish","hentry"],"yoast_head":"<!-- This site is optimized with the Yoast SEO plugin v27.3 - https:\/\/yoast.com\/product\/yoast-seo-wordpress\/ -->\n<title>Desde 1974 - INSTITUTO PADRE REUS EaD<\/title>\n<meta name=\"description\" content=\"INSTITUTO PADRE REUS Ensino a Dist\u00e2ncia desde 1974, somos uma marca registrada e um nome na internet. Ensino Profissionalizante atualizado\" \/>\n<meta name=\"robots\" content=\"index, follow, max-snippet:-1, max-image-preview:large, max-video-preview:-1\" \/>\n<link rel=\"canonical\" href=\"https:\/\/institutopadrereus.net\/ipr\/desde-1974\/\" \/>\n<meta property=\"og:locale\" content=\"pt_BR\" \/>\n<meta property=\"og:type\" content=\"article\" \/>\n<meta property=\"og:title\" content=\"Desde 1974 - INSTITUTO PADRE REUS EaD\" \/>\n<meta property=\"og:description\" content=\"INSTITUTO PADRE REUS Ensino a Dist\u00e2ncia desde 1974, somos uma marca registrada e um nome na internet. Ensino Profissionalizante atualizado\" \/>\n<meta property=\"og:url\" content=\"https:\/\/institutopadrereus.net\/ipr\/desde-1974\/\" \/>\n<meta property=\"og:site_name\" content=\"INSTITUTO PADRE REUS EaD\" \/>\n<meta property=\"article:publisher\" content=\"https:\/\/facebook.com\/institutopadrereusead\" \/>\n<meta property=\"article:modified_time\" content=\"2026-04-09T11:30:39+00:00\" \/>\n<meta name=\"twitter:card\" content=\"summary_large_image\" \/>\n<meta name=\"twitter:label1\" content=\"Est. tempo de leitura\" \/>\n\t<meta name=\"twitter:data1\" content=\"1 minuto\" \/>\n<script type=\"application\/ld+json\" class=\"yoast-schema-graph\">{\"@context\":\"https:\\\/\\\/schema.org\",\"@graph\":[{\"@type\":\"WebPage\",\"@id\":\"https:\\\/\\\/institutopadrereus.net\\\/ipr\\\/desde-1974\\\/\",\"url\":\"https:\\\/\\\/institutopadrereus.net\\\/ipr\\\/desde-1974\\\/\",\"name\":\"Desde 1974 - INSTITUTO PADRE REUS EaD\",\"isPartOf\":{\"@id\":\"https:\\\/\\\/institutopadrereus.net\\\/ipr\\\/#website\"},\"datePublished\":\"2024-10-30T18:48:06+00:00\",\"dateModified\":\"2026-04-09T11:30:39+00:00\",\"description\":\"INSTITUTO PADRE REUS Ensino a Dist\u00e2ncia desde 1974, somos uma marca registrada e um nome na internet. Ensino Profissionalizante atualizado\",\"breadcrumb\":{\"@id\":\"https:\\\/\\\/institutopadrereus.net\\\/ipr\\\/desde-1974\\\/#breadcrumb\"},\"inLanguage\":\"pt-BR\",\"potentialAction\":[{\"@type\":\"ReadAction\",\"target\":[\"https:\\\/\\\/institutopadrereus.net\\\/ipr\\\/desde-1974\\\/\"]}]},{\"@type\":\"BreadcrumbList\",\"@id\":\"https:\\\/\\\/institutopadrereus.net\\\/ipr\\\/desde-1974\\\/#breadcrumb\",\"itemListElement\":[{\"@type\":\"ListItem\",\"position\":1,\"name\":\"Home\",\"item\":\"https:\\\/\\\/institutopadrereus.net\\\/ipr\\\/\"},{\"@type\":\"ListItem\",\"position\":2,\"name\":\"Desde 1974\"}]},{\"@type\":\"WebSite\",\"@id\":\"https:\\\/\\\/institutopadrereus.net\\\/ipr\\\/#website\",\"url\":\"https:\\\/\\\/institutopadrereus.net\\\/ipr\\\/\",\"name\":\"INSTITUTO PADRE REUS loja\",\"description\":\"\",\"publisher\":{\"@id\":\"https:\\\/\\\/institutopadrereus.net\\\/ipr\\\/#organization\"},\"potentialAction\":[{\"@type\":\"SearchAction\",\"target\":{\"@type\":\"EntryPoint\",\"urlTemplate\":\"https:\\\/\\\/institutopadrereus.net\\\/ipr\\\/?s={search_term_string}\"},\"query-input\":{\"@type\":\"PropertyValueSpecification\",\"valueRequired\":true,\"valueName\":\"search_term_string\"}}],\"inLanguage\":\"pt-BR\"},{\"@type\":\"Organization\",\"@id\":\"https:\\\/\\\/institutopadrereus.net\\\/ipr\\\/#organization\",\"name\":\"INSTITUTO PADRE REUS loja\",\"url\":\"https:\\\/\\\/institutopadrereus.net\\\/ipr\\\/\",\"logo\":{\"@type\":\"ImageObject\",\"inLanguage\":\"pt-BR\",\"@id\":\"https:\\\/\\\/institutopadrereus.net\\\/ipr\\\/#\\\/schema\\\/logo\\\/image\\\/\",\"url\":\"https:\\\/\\\/institutopadrereus.net\\\/ipr\\\/wp-content\\\/uploads\\\/2024\\\/10\\\/loja-curso-2111.jpg\",\"contentUrl\":\"https:\\\/\\\/institutopadrereus.net\\\/ipr\\\/wp-content\\\/uploads\\\/2024\\\/10\\\/loja-curso-2111.jpg\",\"width\":800,\"height\":800,\"caption\":\"INSTITUTO PADRE REUS loja\"},\"image\":{\"@id\":\"https:\\\/\\\/institutopadrereus.net\\\/ipr\\\/#\\\/schema\\\/logo\\\/image\\\/\"},\"sameAs\":[\"https:\\\/\\\/facebook.com\\\/institutopadrereusead\"]}]}<\/script>\n<!-- \/ Yoast SEO plugin. -->","yoast_head_json":{"title":"Desde 1974 - INSTITUTO PADRE REUS EaD","description":"INSTITUTO PADRE REUS Ensino a Dist\u00e2ncia desde 1974, somos uma marca registrada e um nome na internet. Ensino Profissionalizante atualizado","robots":{"index":"index","follow":"follow","max-snippet":"max-snippet:-1","max-image-preview":"max-image-preview:large","max-video-preview":"max-video-preview:-1"},"canonical":"https:\/\/institutopadrereus.net\/ipr\/desde-1974\/","og_locale":"pt_BR","og_type":"article","og_title":"Desde 1974 - INSTITUTO PADRE REUS EaD","og_description":"INSTITUTO PADRE REUS Ensino a Dist\u00e2ncia desde 1974, somos uma marca registrada e um nome na internet. Ensino Profissionalizante atualizado","og_url":"https:\/\/institutopadrereus.net\/ipr\/desde-1974\/","og_site_name":"INSTITUTO PADRE REUS EaD","article_publisher":"https:\/\/facebook.com\/institutopadrereusead","article_modified_time":"2026-04-09T11:30:39+00:00","twitter_card":"summary_large_image","twitter_misc":{"Est. tempo de leitura":"1 minuto"},"schema":{"@context":"https:\/\/schema.org","@graph":[{"@type":"WebPage","@id":"https:\/\/institutopadrereus.net\/ipr\/desde-1974\/","url":"https:\/\/institutopadrereus.net\/ipr\/desde-1974\/","name":"Desde 1974 - INSTITUTO PADRE REUS EaD","isPartOf":{"@id":"https:\/\/institutopadrereus.net\/ipr\/#website"},"datePublished":"2024-10-30T18:48:06+00:00","dateModified":"2026-04-09T11:30:39+00:00","description":"INSTITUTO PADRE REUS Ensino a Dist\u00e2ncia desde 1974, somos uma marca registrada e um nome na internet. Ensino Profissionalizante atualizado","breadcrumb":{"@id":"https:\/\/institutopadrereus.net\/ipr\/desde-1974\/#breadcrumb"},"inLanguage":"pt-BR","potentialAction":[{"@type":"ReadAction","target":["https:\/\/institutopadrereus.net\/ipr\/desde-1974\/"]}]},{"@type":"BreadcrumbList","@id":"https:\/\/institutopadrereus.net\/ipr\/desde-1974\/#breadcrumb","itemListElement":[{"@type":"ListItem","position":1,"name":"Home","item":"https:\/\/institutopadrereus.net\/ipr\/"},{"@type":"ListItem","position":2,"name":"Desde 1974"}]},{"@type":"WebSite","@id":"https:\/\/institutopadrereus.net\/ipr\/#website","url":"https:\/\/institutopadrereus.net\/ipr\/","name":"INSTITUTO PADRE REUS loja","description":"","publisher":{"@id":"https:\/\/institutopadrereus.net\/ipr\/#organization"},"potentialAction":[{"@type":"SearchAction","target":{"@type":"EntryPoint","urlTemplate":"https:\/\/institutopadrereus.net\/ipr\/?s={search_term_string}"},"query-input":{"@type":"PropertyValueSpecification","valueRequired":true,"valueName":"search_term_string"}}],"inLanguage":"pt-BR"},{"@type":"Organization","@id":"https:\/\/institutopadrereus.net\/ipr\/#organization","name":"INSTITUTO PADRE REUS loja","url":"https:\/\/institutopadrereus.net\/ipr\/","logo":{"@type":"ImageObject","inLanguage":"pt-BR","@id":"https:\/\/institutopadrereus.net\/ipr\/#\/schema\/logo\/image\/","url":"https:\/\/institutopadrereus.net\/ipr\/wp-content\/uploads\/2024\/10\/loja-curso-2111.jpg","contentUrl":"https:\/\/institutopadrereus.net\/ipr\/wp-content\/uploads\/2024\/10\/loja-curso-2111.jpg","width":800,"height":800,"caption":"INSTITUTO PADRE REUS loja"},"image":{"@id":"https:\/\/institutopadrereus.net\/ipr\/#\/schema\/logo\/image\/"},"sameAs":["https:\/\/facebook.com\/institutopadrereusead"]}]}},"_links":{"self":[{"href":"https:\/\/institutopadrereus.net\/ipr\/wp-json\/wp\/v2\/pages\/294","targetHints":{"allow":["GET"]}}],"collection":[{"href":"https:\/\/institutopadrereus.net\/ipr\/wp-json\/wp\/v2\/pages"}],"about":[{"href":"https:\/\/institutopadrereus.net\/ipr\/wp-json\/wp\/v2\/types\/page"}],"author":[{"embeddable":true,"href":"https:\/\/institutopadrereus.net\/ipr\/wp-json\/wp\/v2\/users\/1"}],"replies":[{"embeddable":true,"href":"https:\/\/institutopadrereus.net\/ipr\/wp-json\/wp\/v2\/comments?post=294"}],"version-history":[{"count":26,"href":"https:\/\/institutopadrereus.net\/ipr\/wp-json\/wp\/v2\/pages\/294\/revisions"}],"predecessor-version":[{"id":868,"href":"https:\/\/institutopadrereus.net\/ipr\/wp-json\/wp\/v2\/pages\/294\/revisions\/868"}],"wp:attachment":[{"href":"https:\/\/institutopadrereus.net\/ipr\/wp-json\/wp\/v2\/media?parent=294"}],"curies":[{"name":"wp","href":"https:\/\/api.w.org\/{rel}","templated":true}]}}