{"id":393,"date":"2024-12-06T19:20:38","date_gmt":"2024-12-06T19:20:38","guid":{"rendered":"https:\/\/loja.institutopadrereus.net\/?post_type=product&#038;p=393"},"modified":"2025-01-24T02:41:10","modified_gmt":"2025-01-24T02:41:10","slug":"a-criacao-de-sites","status":"publish","type":"product","link":"https:\/\/institutopadrereus.net\/ipr\/produto\/a-criacao-de-sites\/","title":{"rendered":"Sites prontos"},"content":{"rendered":"<p>Fazemos sites<\/p>\n<p>Cria\u00e7\u00e3o de sites<\/p>\n<p>Criamos o\u00a0 site e a<\/p>\n<p>Loja virtual para voc\u00ea<\/p>\n<p>Sites bonitos e de alta performance<\/p>\n<p>Incluindo redes sociais<\/p>\n<p>Coloque um site na internet<\/p>\n<p>A sua empresa precisa aparecer<\/p>\n<p>Garantia Instituto Padre Reus<\/p>\n<p><span style=\"color: #0000ff;\">Pe\u00e7a maiores informa\u00e7\u00f5es<\/span><\/p>\n","protected":false},"excerpt":{"rendered":"<p>Fazemos sites Cria\u00e7\u00e3o de sites Criamos o\u00a0 site e a Loja virtual para voc\u00ea Sites bonitos e de alta performance [&hellip;]<\/p>\n","protected":false},"featured_media":394,"template":"","meta":{"site-sidebar-layout":"default","site-content-layout":"","ast-site-content-layout":"default","site-content-style":"default","site-sidebar-style":"default","ast-global-header-display":"","ast-banner-title-visibility":"","ast-main-header-display":"","ast-hfb-above-header-display":"","ast-hfb-below-header-display":"","ast-hfb-mobile-header-display":"","site-post-title":"","ast-breadcrumbs-content":"","ast-featured-img":"","footer-sml-layout":"","ast-disable-related-posts":"","theme-transparent-header-meta":"default","adv-header-id-meta":"","stick-header-meta":"","header-above-stick-meta":"","header-main-stick-meta":"","header-below-stick-meta":"","astra-migrate-meta-layouts":"set","ast-page-background-enabled":"default","ast-page-background-meta":{"desktop":{"background-color":"var(--ast-global-color-4)","background-image":"","background-repeat":"repeat","background-position":"center center","background-size":"auto","background-attachment":"scroll","background-type":"","background-media":"","overlay-type":"","overlay-color":"","overlay-opacity":"","overlay-gradient":""},"tablet":{"background-color":"","background-image":"","background-repeat":"repeat","background-position":"center center","background-size":"auto","background-attachment":"scroll","background-type":"","background-media":"","overlay-type":"","overlay-color":"","overlay-opacity":"","overlay-gradient":""},"mobile":{"background-color":"","background-image":"","background-repeat":"repeat","background-position":"center center","background-size":"auto","background-attachment":"scroll","background-type":"","background-media":"","overlay-type":"","overlay-color":"","overlay-opacity":"","overlay-gradient":""}},"ast-content-background-meta":{"desktop":{"background-color":"var(--ast-global-color-5)","background-image":"","background-repeat":"repeat","background-position":"center center","background-size":"auto","background-attachment":"scroll","background-type":"","background-media":"","overlay-type":"","overlay-color":"","overlay-opacity":"","overlay-gradient":""},"tablet":{"background-color":"var(--ast-global-color-5)","background-image":"","background-repeat":"repeat","background-position":"center center","background-size":"auto","background-attachment":"scroll","background-type":"","background-media":"","overlay-type":"","overlay-color":"","overlay-opacity":"","overlay-gradient":""},"mobile":{"background-color":"var(--ast-global-color-5)","background-image":"","background-repeat":"repeat","background-position":"center center","background-size":"auto","background-attachment":"scroll","background-type":"","background-media":"","overlay-type":"","overlay-color":"","overlay-opacity":"","overlay-gradient":""}}},"product_brand":[],"product_cat":[25],"product_tag":[],"class_list":{"0":"post-393","1":"product","2":"type-product","3":"status-publish","4":"has-post-thumbnail","6":"product_cat-negocios","7":"desktop-align-left","8":"tablet-align-left","9":"mobile-align-left","11":"first","12":"instock","13":"taxable","14":"shipping-taxable","15":"product-type-simple"},"yoast_head":"<!-- This site is optimized with the Yoast SEO plugin v27.3 - https:\/\/yoast.com\/product\/yoast-seo-wordpress\/ -->\n<title>Sites prontos - INSTITUTO PADRE REUS EaD<\/title>\n<meta name=\"description\" content=\"Fazemos sites, cria\u00e7\u00e3o de sites.\" \/>\n<meta name=\"robots\" content=\"index, follow, max-snippet:-1, max-image-preview:large, max-video-preview:-1\" \/>\n<link rel=\"canonical\" href=\"https:\/\/institutopadrereus.net\/ipr\/produto\/a-criacao-de-sites\/\" \/>\n<meta property=\"og:locale\" content=\"pt_BR\" \/>\n<meta property=\"og:type\" content=\"article\" \/>\n<meta property=\"og:title\" content=\"Sites prontos - INSTITUTO PADRE REUS EaD\" \/>\n<meta property=\"og:description\" content=\"Fazemos sites, cria\u00e7\u00e3o de sites.\" \/>\n<meta property=\"og:url\" content=\"https:\/\/institutopadrereus.net\/ipr\/produto\/a-criacao-de-sites\/\" \/>\n<meta property=\"og:site_name\" content=\"INSTITUTO PADRE REUS EaD\" \/>\n<meta property=\"article:publisher\" content=\"https:\/\/facebook.com\/institutopadrereusead\" \/>\n<meta property=\"article:modified_time\" content=\"2025-01-24T02:41:10+00:00\" \/>\n<meta property=\"og:image\" content=\"https:\/\/institutopadrereus.net\/ipr\/wp-content\/uploads\/2024\/12\/loja-sites-111.jpg\" \/>\n\t<meta property=\"og:image:width\" content=\"800\" \/>\n\t<meta property=\"og:image:height\" content=\"800\" \/>\n\t<meta property=\"og:image:type\" content=\"image\/jpeg\" \/>\n<meta name=\"twitter:card\" content=\"summary_large_image\" \/>\n<meta name=\"twitter:label1\" content=\"Est. tempo de leitura\" \/>\n\t<meta name=\"twitter:data1\" content=\"1 minuto\" \/>\n<script type=\"application\/ld+json\" class=\"yoast-schema-graph\">{\"@context\":\"https:\\\/\\\/schema.org\",\"@graph\":[{\"@type\":\"WebPage\",\"@id\":\"https:\\\/\\\/institutopadrereus.net\\\/ipr\\\/produto\\\/a-criacao-de-sites\\\/\",\"url\":\"https:\\\/\\\/institutopadrereus.net\\\/ipr\\\/produto\\\/a-criacao-de-sites\\\/\",\"name\":\"Sites prontos - INSTITUTO PADRE REUS EaD\",\"isPartOf\":{\"@id\":\"https:\\\/\\\/institutopadrereus.net\\\/ipr\\\/#website\"},\"primaryImageOfPage\":{\"@id\":\"https:\\\/\\\/institutopadrereus.net\\\/ipr\\\/produto\\\/a-criacao-de-sites\\\/#primaryimage\"},\"image\":{\"@id\":\"https:\\\/\\\/institutopadrereus.net\\\/ipr\\\/produto\\\/a-criacao-de-sites\\\/#primaryimage\"},\"thumbnailUrl\":\"https:\\\/\\\/institutopadrereus.net\\\/ipr\\\/wp-content\\\/uploads\\\/2024\\\/12\\\/loja-sites-111.jpg\",\"datePublished\":\"2024-12-06T19:20:38+00:00\",\"dateModified\":\"2025-01-24T02:41:10+00:00\",\"description\":\"Fazemos sites, cria\u00e7\u00e3o de sites.\",\"breadcrumb\":{\"@id\":\"https:\\\/\\\/institutopadrereus.net\\\/ipr\\\/produto\\\/a-criacao-de-sites\\\/#breadcrumb\"},\"inLanguage\":\"pt-BR\",\"potentialAction\":[{\"@type\":\"ReadAction\",\"target\":[\"https:\\\/\\\/institutopadrereus.net\\\/ipr\\\/produto\\\/a-criacao-de-sites\\\/\"]}]},{\"@type\":\"ImageObject\",\"inLanguage\":\"pt-BR\",\"@id\":\"https:\\\/\\\/institutopadrereus.net\\\/ipr\\\/produto\\\/a-criacao-de-sites\\\/#primaryimage\",\"url\":\"https:\\\/\\\/institutopadrereus.net\\\/ipr\\\/wp-content\\\/uploads\\\/2024\\\/12\\\/loja-sites-111.jpg\",\"contentUrl\":\"https:\\\/\\\/institutopadrereus.net\\\/ipr\\\/wp-content\\\/uploads\\\/2024\\\/12\\\/loja-sites-111.jpg\",\"width\":800,\"height\":800},{\"@type\":\"BreadcrumbList\",\"@id\":\"https:\\\/\\\/institutopadrereus.net\\\/ipr\\\/produto\\\/a-criacao-de-sites\\\/#breadcrumb\",\"itemListElement\":[{\"@type\":\"ListItem\",\"position\":1,\"name\":\"Home\",\"item\":\"https:\\\/\\\/institutopadrereus.net\\\/ipr\\\/\"},{\"@type\":\"ListItem\",\"position\":2,\"name\":\"EaD PADRE REUS\",\"item\":\"https:\\\/\\\/institutopadrereus.net\\\/ipr\\\/loja\\\/\"},{\"@type\":\"ListItem\",\"position\":3,\"name\":\"Sites prontos\"}]},{\"@type\":\"WebSite\",\"@id\":\"https:\\\/\\\/institutopadrereus.net\\\/ipr\\\/#website\",\"url\":\"https:\\\/\\\/institutopadrereus.net\\\/ipr\\\/\",\"name\":\"INSTITUTO PADRE REUS loja\",\"description\":\"\",\"publisher\":{\"@id\":\"https:\\\/\\\/institutopadrereus.net\\\/ipr\\\/#organization\"},\"potentialAction\":[{\"@type\":\"SearchAction\",\"target\":{\"@type\":\"EntryPoint\",\"urlTemplate\":\"https:\\\/\\\/institutopadrereus.net\\\/ipr\\\/?s={search_term_string}\"},\"query-input\":{\"@type\":\"PropertyValueSpecification\",\"valueRequired\":true,\"valueName\":\"search_term_string\"}}],\"inLanguage\":\"pt-BR\"},{\"@type\":\"Organization\",\"@id\":\"https:\\\/\\\/institutopadrereus.net\\\/ipr\\\/#organization\",\"name\":\"INSTITUTO PADRE REUS loja\",\"url\":\"https:\\\/\\\/institutopadrereus.net\\\/ipr\\\/\",\"logo\":{\"@type\":\"ImageObject\",\"inLanguage\":\"pt-BR\",\"@id\":\"https:\\\/\\\/institutopadrereus.net\\\/ipr\\\/#\\\/schema\\\/logo\\\/image\\\/\",\"url\":\"https:\\\/\\\/institutopadrereus.net\\\/ipr\\\/wp-content\\\/uploads\\\/2024\\\/10\\\/loja-curso-2111.jpg\",\"contentUrl\":\"https:\\\/\\\/institutopadrereus.net\\\/ipr\\\/wp-content\\\/uploads\\\/2024\\\/10\\\/loja-curso-2111.jpg\",\"width\":800,\"height\":800,\"caption\":\"INSTITUTO PADRE REUS loja\"},\"image\":{\"@id\":\"https:\\\/\\\/institutopadrereus.net\\\/ipr\\\/#\\\/schema\\\/logo\\\/image\\\/\"},\"sameAs\":[\"https:\\\/\\\/facebook.com\\\/institutopadrereusead\"]}]}<\/script>\n<!-- \/ Yoast SEO plugin. -->","yoast_head_json":{"title":"Sites prontos - INSTITUTO PADRE REUS EaD","description":"Fazemos sites, cria\u00e7\u00e3o de sites.","robots":{"index":"index","follow":"follow","max-snippet":"max-snippet:-1","max-image-preview":"max-image-preview:large","max-video-preview":"max-video-preview:-1"},"canonical":"https:\/\/institutopadrereus.net\/ipr\/produto\/a-criacao-de-sites\/","og_locale":"pt_BR","og_type":"article","og_title":"Sites prontos - INSTITUTO PADRE REUS EaD","og_description":"Fazemos sites, cria\u00e7\u00e3o de sites.","og_url":"https:\/\/institutopadrereus.net\/ipr\/produto\/a-criacao-de-sites\/","og_site_name":"INSTITUTO PADRE REUS EaD","article_publisher":"https:\/\/facebook.com\/institutopadrereusead","article_modified_time":"2025-01-24T02:41:10+00:00","og_image":[{"width":800,"height":800,"url":"https:\/\/institutopadrereus.net\/ipr\/wp-content\/uploads\/2024\/12\/loja-sites-111.jpg","type":"image\/jpeg"}],"twitter_card":"summary_large_image","twitter_misc":{"Est. tempo de leitura":"1 minuto"},"schema":{"@context":"https:\/\/schema.org","@graph":[{"@type":"WebPage","@id":"https:\/\/institutopadrereus.net\/ipr\/produto\/a-criacao-de-sites\/","url":"https:\/\/institutopadrereus.net\/ipr\/produto\/a-criacao-de-sites\/","name":"Sites prontos - INSTITUTO PADRE REUS EaD","isPartOf":{"@id":"https:\/\/institutopadrereus.net\/ipr\/#website"},"primaryImageOfPage":{"@id":"https:\/\/institutopadrereus.net\/ipr\/produto\/a-criacao-de-sites\/#primaryimage"},"image":{"@id":"https:\/\/institutopadrereus.net\/ipr\/produto\/a-criacao-de-sites\/#primaryimage"},"thumbnailUrl":"https:\/\/institutopadrereus.net\/ipr\/wp-content\/uploads\/2024\/12\/loja-sites-111.jpg","datePublished":"2024-12-06T19:20:38+00:00","dateModified":"2025-01-24T02:41:10+00:00","description":"Fazemos sites, cria\u00e7\u00e3o de sites.","breadcrumb":{"@id":"https:\/\/institutopadrereus.net\/ipr\/produto\/a-criacao-de-sites\/#breadcrumb"},"inLanguage":"pt-BR","potentialAction":[{"@type":"ReadAction","target":["https:\/\/institutopadrereus.net\/ipr\/produto\/a-criacao-de-sites\/"]}]},{"@type":"ImageObject","inLanguage":"pt-BR","@id":"https:\/\/institutopadrereus.net\/ipr\/produto\/a-criacao-de-sites\/#primaryimage","url":"https:\/\/institutopadrereus.net\/ipr\/wp-content\/uploads\/2024\/12\/loja-sites-111.jpg","contentUrl":"https:\/\/institutopadrereus.net\/ipr\/wp-content\/uploads\/2024\/12\/loja-sites-111.jpg","width":800,"height":800},{"@type":"BreadcrumbList","@id":"https:\/\/institutopadrereus.net\/ipr\/produto\/a-criacao-de-sites\/#breadcrumb","itemListElement":[{"@type":"ListItem","position":1,"name":"Home","item":"https:\/\/institutopadrereus.net\/ipr\/"},{"@type":"ListItem","position":2,"name":"EaD PADRE REUS","item":"https:\/\/institutopadrereus.net\/ipr\/loja\/"},{"@type":"ListItem","position":3,"name":"Sites prontos"}]},{"@type":"WebSite","@id":"https:\/\/institutopadrereus.net\/ipr\/#website","url":"https:\/\/institutopadrereus.net\/ipr\/","name":"INSTITUTO PADRE REUS loja","description":"","publisher":{"@id":"https:\/\/institutopadrereus.net\/ipr\/#organization"},"potentialAction":[{"@type":"SearchAction","target":{"@type":"EntryPoint","urlTemplate":"https:\/\/institutopadrereus.net\/ipr\/?s={search_term_string}"},"query-input":{"@type":"PropertyValueSpecification","valueRequired":true,"valueName":"search_term_string"}}],"inLanguage":"pt-BR"},{"@type":"Organization","@id":"https:\/\/institutopadrereus.net\/ipr\/#organization","name":"INSTITUTO PADRE REUS loja","url":"https:\/\/institutopadrereus.net\/ipr\/","logo":{"@type":"ImageObject","inLanguage":"pt-BR","@id":"https:\/\/institutopadrereus.net\/ipr\/#\/schema\/logo\/image\/","url":"https:\/\/institutopadrereus.net\/ipr\/wp-content\/uploads\/2024\/10\/loja-curso-2111.jpg","contentUrl":"https:\/\/institutopadrereus.net\/ipr\/wp-content\/uploads\/2024\/10\/loja-curso-2111.jpg","width":800,"height":800,"caption":"INSTITUTO PADRE REUS loja"},"image":{"@id":"https:\/\/institutopadrereus.net\/ipr\/#\/schema\/logo\/image\/"},"sameAs":["https:\/\/facebook.com\/institutopadrereusead"]}]}},"_links":{"self":[{"href":"https:\/\/institutopadrereus.net\/ipr\/wp-json\/wp\/v2\/product\/393","targetHints":{"allow":["GET"]}}],"collection":[{"href":"https:\/\/institutopadrereus.net\/ipr\/wp-json\/wp\/v2\/product"}],"about":[{"href":"https:\/\/institutopadrereus.net\/ipr\/wp-json\/wp\/v2\/types\/product"}],"wp:featuredmedia":[{"embeddable":true,"href":"https:\/\/institutopadrereus.net\/ipr\/wp-json\/wp\/v2\/media\/394"}],"wp:attachment":[{"href":"https:\/\/institutopadrereus.net\/ipr\/wp-json\/wp\/v2\/media?parent=393"}],"wp:term":[{"taxonomy":"product_brand","embeddable":true,"href":"https:\/\/institutopadrereus.net\/ipr\/wp-json\/wp\/v2\/product_brand?post=393"},{"taxonomy":"product_cat","embeddable":true,"href":"https:\/\/institutopadrereus.net\/ipr\/wp-json\/wp\/v2\/product_cat?post=393"},{"taxonomy":"product_tag","embeddable":true,"href":"https:\/\/institutopadrereus.net\/ipr\/wp-json\/wp\/v2\/product_tag?post=393"}],"curies":[{"name":"wp","href":"https:\/\/api.w.org\/{rel}","templated":true}]}}