{"id":515,"date":"2025-02-08T15:52:51","date_gmt":"2025-02-08T15:52:51","guid":{"rendered":"https:\/\/institutopadrereus.net\/ipr\/?post_type=product&#038;p=515"},"modified":"2025-11-23T12:33:53","modified_gmt":"2025-11-23T12:33:53","slug":"curso-em-estoque","status":"publish","type":"product","link":"https:\/\/institutopadrereus.net\/ipr\/produto\/curso-em-estoque\/","title":{"rendered":"Diversas \u00e1reas"},"content":{"rendered":"<p><span style=\"color: #ff0000;\">INSTITUTO PADRE REUS 51 anos<\/span><\/p>\n<p><span style=\"color: #0000ff;\">Cursos em estoque<\/span><\/p>\n<p><span style=\"color: #000000;\">Temos longa experi\u00eancia<\/span><\/p>\n<p><span style=\"color: #000000;\">Se voc\u00ea deseja um curso<\/span><\/p>\n<p><span style=\"color: #000000;\">Com o nosso certificado e<\/span><\/p>\n<p><span style=\"color: #000000;\">N\u00e3o encontrou aqui no site<\/span><\/p>\n<p><span style=\"color: #000000;\">Fa\u00e7a uma encomenda<\/span><\/p>\n<p><span style=\"color: #000000;\">N\u00f3s temos mais de 700 op\u00e7\u00f5es \u00e9<\/span><\/p>\n<p><span style=\"color: #000000;\">R\u00e1pido pratico e garantido<\/span><\/p>\n<p><span style=\"color: #ff0000;\">CURSOS\u00a0 POR VIDEO AULAS<\/span><\/p>\n<p><span style=\"color: #0000ff;\">Temos plataforma pr\u00f3pria<\/span><\/p>\n<p><a href=\"https:\/\/institutopadrereus.net\/edu\/\" target=\"_blank\" rel=\"noopener\"><span style=\"color: #0000ff;\">\u00c1rea do aluno<\/span><\/a><\/p>\n<p><span style=\"color: #ff0000;\">Certificado Instituto Padre Reus<\/span><\/p>\n","protected":false},"excerpt":{"rendered":"<p>INSTITUTO PADRE REUS 51 anos Cursos em estoque Temos longa experi\u00eancia Se voc\u00ea deseja um curso Com o nosso certificado [&hellip;]<\/p>\n","protected":false},"featured_media":558,"template":"","meta":{"site-sidebar-layout":"default","site-content-layout":"","ast-site-content-layout":"default","site-content-style":"default","site-sidebar-style":"default","ast-global-header-display":"","ast-banner-title-visibility":"","ast-main-header-display":"","ast-hfb-above-header-display":"","ast-hfb-below-header-display":"","ast-hfb-mobile-header-display":"","site-post-title":"","ast-breadcrumbs-content":"","ast-featured-img":"","footer-sml-layout":"","ast-disable-related-posts":"","theme-transparent-header-meta":"default","adv-header-id-meta":"","stick-header-meta":"","header-above-stick-meta":"","header-main-stick-meta":"","header-below-stick-meta":"","astra-migrate-meta-layouts":"set","ast-page-background-enabled":"default","ast-page-background-meta":{"desktop":{"background-color":"var(--ast-global-color-4)","background-image":"","background-repeat":"repeat","background-position":"center center","background-size":"auto","background-attachment":"scroll","background-type":"","background-media":"","overlay-type":"","overlay-color":"","overlay-opacity":"","overlay-gradient":""},"tablet":{"background-color":"","background-image":"","background-repeat":"repeat","background-position":"center center","background-size":"auto","background-attachment":"scroll","background-type":"","background-media":"","overlay-type":"","overlay-color":"","overlay-opacity":"","overlay-gradient":""},"mobile":{"background-color":"","background-image":"","background-repeat":"repeat","background-position":"center center","background-size":"auto","background-attachment":"scroll","background-type":"","background-media":"","overlay-type":"","overlay-color":"","overlay-opacity":"","overlay-gradient":""}},"ast-content-background-meta":{"desktop":{"background-color":"var(--ast-global-color-5)","background-image":"","background-repeat":"repeat","background-position":"center center","background-size":"auto","background-attachment":"scroll","background-type":"","background-media":"","overlay-type":"","overlay-color":"","overlay-opacity":"","overlay-gradient":""},"tablet":{"background-color":"var(--ast-global-color-5)","background-image":"","background-repeat":"repeat","background-position":"center center","background-size":"auto","background-attachment":"scroll","background-type":"","background-media":"","overlay-type":"","overlay-color":"","overlay-opacity":"","overlay-gradient":""},"mobile":{"background-color":"var(--ast-global-color-5)","background-image":"","background-repeat":"repeat","background-position":"center center","background-size":"auto","background-attachment":"scroll","background-type":"","background-media":"","overlay-type":"","overlay-color":"","overlay-opacity":"","overlay-gradient":""}}},"product_brand":[],"product_cat":[24],"product_tag":[],"class_list":{"0":"post-515","1":"product","2":"type-product","3":"status-publish","4":"has-post-thumbnail","6":"product_cat-curso-ead","7":"desktop-align-left","8":"tablet-align-left","9":"mobile-align-left","11":"first","12":"instock","13":"taxable","14":"shipping-taxable","15":"product-type-simple"},"yoast_head":"<!-- This site is optimized with the Yoast SEO plugin v27.3 - https:\/\/yoast.com\/product\/yoast-seo-wordpress\/ -->\n<title>Diversas \u00e1reas - INSTITUTO PADRE REUS EaD<\/title>\n<meta name=\"description\" content=\"\u00c1reas diversas, Cursos em Estoque pe\u00e7a hoje mesmo e garanta o seu lugar no mercado de trabalho\" \/>\n<meta name=\"robots\" content=\"index, follow, max-snippet:-1, max-image-preview:large, max-video-preview:-1\" \/>\n<link rel=\"canonical\" href=\"https:\/\/institutopadrereus.net\/ipr\/produto\/curso-em-estoque\/\" \/>\n<meta property=\"og:locale\" content=\"pt_BR\" \/>\n<meta property=\"og:type\" content=\"article\" \/>\n<meta property=\"og:title\" content=\"Diversas \u00e1reas - INSTITUTO PADRE REUS EaD\" \/>\n<meta property=\"og:description\" content=\"\u00c1reas diversas, Cursos em Estoque pe\u00e7a hoje mesmo e garanta o seu lugar no mercado de trabalho\" \/>\n<meta property=\"og:url\" content=\"https:\/\/institutopadrereus.net\/ipr\/produto\/curso-em-estoque\/\" \/>\n<meta property=\"og:site_name\" content=\"INSTITUTO PADRE REUS EaD\" \/>\n<meta property=\"article:publisher\" content=\"https:\/\/facebook.com\/institutopadrereusead\" \/>\n<meta property=\"article:modified_time\" content=\"2025-11-23T12:33:53+00:00\" \/>\n<meta property=\"og:image\" content=\"https:\/\/institutopadrereus.net\/ipr\/wp-content\/uploads\/2025\/03\/loja-moca-2-min.jpg\" \/>\n\t<meta property=\"og:image:width\" content=\"800\" \/>\n\t<meta property=\"og:image:height\" content=\"800\" \/>\n\t<meta property=\"og:image:type\" content=\"image\/jpeg\" \/>\n<meta name=\"twitter:card\" content=\"summary_large_image\" \/>\n<meta name=\"twitter:label1\" content=\"Est. tempo de leitura\" \/>\n\t<meta name=\"twitter:data1\" content=\"1 minuto\" \/>\n<script type=\"application\/ld+json\" class=\"yoast-schema-graph\">{\"@context\":\"https:\\\/\\\/schema.org\",\"@graph\":[{\"@type\":\"WebPage\",\"@id\":\"https:\\\/\\\/institutopadrereus.net\\\/ipr\\\/produto\\\/curso-em-estoque\\\/\",\"url\":\"https:\\\/\\\/institutopadrereus.net\\\/ipr\\\/produto\\\/curso-em-estoque\\\/\",\"name\":\"Diversas \u00e1reas - INSTITUTO PADRE REUS EaD\",\"isPartOf\":{\"@id\":\"https:\\\/\\\/institutopadrereus.net\\\/ipr\\\/#website\"},\"primaryImageOfPage\":{\"@id\":\"https:\\\/\\\/institutopadrereus.net\\\/ipr\\\/produto\\\/curso-em-estoque\\\/#primaryimage\"},\"image\":{\"@id\":\"https:\\\/\\\/institutopadrereus.net\\\/ipr\\\/produto\\\/curso-em-estoque\\\/#primaryimage\"},\"thumbnailUrl\":\"https:\\\/\\\/institutopadrereus.net\\\/ipr\\\/wp-content\\\/uploads\\\/2025\\\/03\\\/loja-moca-2-min.jpg\",\"datePublished\":\"2025-02-08T15:52:51+00:00\",\"dateModified\":\"2025-11-23T12:33:53+00:00\",\"description\":\"\u00c1reas diversas, Cursos em Estoque pe\u00e7a hoje mesmo e garanta o seu lugar no mercado de trabalho\",\"breadcrumb\":{\"@id\":\"https:\\\/\\\/institutopadrereus.net\\\/ipr\\\/produto\\\/curso-em-estoque\\\/#breadcrumb\"},\"inLanguage\":\"pt-BR\",\"potentialAction\":[{\"@type\":\"ReadAction\",\"target\":[\"https:\\\/\\\/institutopadrereus.net\\\/ipr\\\/produto\\\/curso-em-estoque\\\/\"]}]},{\"@type\":\"ImageObject\",\"inLanguage\":\"pt-BR\",\"@id\":\"https:\\\/\\\/institutopadrereus.net\\\/ipr\\\/produto\\\/curso-em-estoque\\\/#primaryimage\",\"url\":\"https:\\\/\\\/institutopadrereus.net\\\/ipr\\\/wp-content\\\/uploads\\\/2025\\\/03\\\/loja-moca-2-min.jpg\",\"contentUrl\":\"https:\\\/\\\/institutopadrereus.net\\\/ipr\\\/wp-content\\\/uploads\\\/2025\\\/03\\\/loja-moca-2-min.jpg\",\"width\":800,\"height\":800},{\"@type\":\"BreadcrumbList\",\"@id\":\"https:\\\/\\\/institutopadrereus.net\\\/ipr\\\/produto\\\/curso-em-estoque\\\/#breadcrumb\",\"itemListElement\":[{\"@type\":\"ListItem\",\"position\":1,\"name\":\"Home\",\"item\":\"https:\\\/\\\/institutopadrereus.net\\\/ipr\\\/\"},{\"@type\":\"ListItem\",\"position\":2,\"name\":\"EaD PADRE REUS\",\"item\":\"https:\\\/\\\/institutopadrereus.net\\\/ipr\\\/loja\\\/\"},{\"@type\":\"ListItem\",\"position\":3,\"name\":\"Diversas \u00e1reas\"}]},{\"@type\":\"WebSite\",\"@id\":\"https:\\\/\\\/institutopadrereus.net\\\/ipr\\\/#website\",\"url\":\"https:\\\/\\\/institutopadrereus.net\\\/ipr\\\/\",\"name\":\"INSTITUTO PADRE REUS loja\",\"description\":\"\",\"publisher\":{\"@id\":\"https:\\\/\\\/institutopadrereus.net\\\/ipr\\\/#organization\"},\"potentialAction\":[{\"@type\":\"SearchAction\",\"target\":{\"@type\":\"EntryPoint\",\"urlTemplate\":\"https:\\\/\\\/institutopadrereus.net\\\/ipr\\\/?s={search_term_string}\"},\"query-input\":{\"@type\":\"PropertyValueSpecification\",\"valueRequired\":true,\"valueName\":\"search_term_string\"}}],\"inLanguage\":\"pt-BR\"},{\"@type\":\"Organization\",\"@id\":\"https:\\\/\\\/institutopadrereus.net\\\/ipr\\\/#organization\",\"name\":\"INSTITUTO PADRE REUS loja\",\"url\":\"https:\\\/\\\/institutopadrereus.net\\\/ipr\\\/\",\"logo\":{\"@type\":\"ImageObject\",\"inLanguage\":\"pt-BR\",\"@id\":\"https:\\\/\\\/institutopadrereus.net\\\/ipr\\\/#\\\/schema\\\/logo\\\/image\\\/\",\"url\":\"https:\\\/\\\/institutopadrereus.net\\\/ipr\\\/wp-content\\\/uploads\\\/2024\\\/10\\\/loja-curso-2111.jpg\",\"contentUrl\":\"https:\\\/\\\/institutopadrereus.net\\\/ipr\\\/wp-content\\\/uploads\\\/2024\\\/10\\\/loja-curso-2111.jpg\",\"width\":800,\"height\":800,\"caption\":\"INSTITUTO PADRE REUS loja\"},\"image\":{\"@id\":\"https:\\\/\\\/institutopadrereus.net\\\/ipr\\\/#\\\/schema\\\/logo\\\/image\\\/\"},\"sameAs\":[\"https:\\\/\\\/facebook.com\\\/institutopadrereusead\"]}]}<\/script>\n<!-- \/ Yoast SEO plugin. -->","yoast_head_json":{"title":"Diversas \u00e1reas - INSTITUTO PADRE REUS EaD","description":"\u00c1reas diversas, Cursos em Estoque pe\u00e7a hoje mesmo e garanta o seu lugar no mercado de trabalho","robots":{"index":"index","follow":"follow","max-snippet":"max-snippet:-1","max-image-preview":"max-image-preview:large","max-video-preview":"max-video-preview:-1"},"canonical":"https:\/\/institutopadrereus.net\/ipr\/produto\/curso-em-estoque\/","og_locale":"pt_BR","og_type":"article","og_title":"Diversas \u00e1reas - INSTITUTO PADRE REUS EaD","og_description":"\u00c1reas diversas, Cursos em Estoque pe\u00e7a hoje mesmo e garanta o seu lugar no mercado de trabalho","og_url":"https:\/\/institutopadrereus.net\/ipr\/produto\/curso-em-estoque\/","og_site_name":"INSTITUTO PADRE REUS EaD","article_publisher":"https:\/\/facebook.com\/institutopadrereusead","article_modified_time":"2025-11-23T12:33:53+00:00","og_image":[{"width":800,"height":800,"url":"https:\/\/institutopadrereus.net\/ipr\/wp-content\/uploads\/2025\/03\/loja-moca-2-min.jpg","type":"image\/jpeg"}],"twitter_card":"summary_large_image","twitter_misc":{"Est. tempo de leitura":"1 minuto"},"schema":{"@context":"https:\/\/schema.org","@graph":[{"@type":"WebPage","@id":"https:\/\/institutopadrereus.net\/ipr\/produto\/curso-em-estoque\/","url":"https:\/\/institutopadrereus.net\/ipr\/produto\/curso-em-estoque\/","name":"Diversas \u00e1reas - INSTITUTO PADRE REUS EaD","isPartOf":{"@id":"https:\/\/institutopadrereus.net\/ipr\/#website"},"primaryImageOfPage":{"@id":"https:\/\/institutopadrereus.net\/ipr\/produto\/curso-em-estoque\/#primaryimage"},"image":{"@id":"https:\/\/institutopadrereus.net\/ipr\/produto\/curso-em-estoque\/#primaryimage"},"thumbnailUrl":"https:\/\/institutopadrereus.net\/ipr\/wp-content\/uploads\/2025\/03\/loja-moca-2-min.jpg","datePublished":"2025-02-08T15:52:51+00:00","dateModified":"2025-11-23T12:33:53+00:00","description":"\u00c1reas diversas, Cursos em Estoque pe\u00e7a hoje mesmo e garanta o seu lugar no mercado de trabalho","breadcrumb":{"@id":"https:\/\/institutopadrereus.net\/ipr\/produto\/curso-em-estoque\/#breadcrumb"},"inLanguage":"pt-BR","potentialAction":[{"@type":"ReadAction","target":["https:\/\/institutopadrereus.net\/ipr\/produto\/curso-em-estoque\/"]}]},{"@type":"ImageObject","inLanguage":"pt-BR","@id":"https:\/\/institutopadrereus.net\/ipr\/produto\/curso-em-estoque\/#primaryimage","url":"https:\/\/institutopadrereus.net\/ipr\/wp-content\/uploads\/2025\/03\/loja-moca-2-min.jpg","contentUrl":"https:\/\/institutopadrereus.net\/ipr\/wp-content\/uploads\/2025\/03\/loja-moca-2-min.jpg","width":800,"height":800},{"@type":"BreadcrumbList","@id":"https:\/\/institutopadrereus.net\/ipr\/produto\/curso-em-estoque\/#breadcrumb","itemListElement":[{"@type":"ListItem","position":1,"name":"Home","item":"https:\/\/institutopadrereus.net\/ipr\/"},{"@type":"ListItem","position":2,"name":"EaD PADRE REUS","item":"https:\/\/institutopadrereus.net\/ipr\/loja\/"},{"@type":"ListItem","position":3,"name":"Diversas \u00e1reas"}]},{"@type":"WebSite","@id":"https:\/\/institutopadrereus.net\/ipr\/#website","url":"https:\/\/institutopadrereus.net\/ipr\/","name":"INSTITUTO PADRE REUS loja","description":"","publisher":{"@id":"https:\/\/institutopadrereus.net\/ipr\/#organization"},"potentialAction":[{"@type":"SearchAction","target":{"@type":"EntryPoint","urlTemplate":"https:\/\/institutopadrereus.net\/ipr\/?s={search_term_string}"},"query-input":{"@type":"PropertyValueSpecification","valueRequired":true,"valueName":"search_term_string"}}],"inLanguage":"pt-BR"},{"@type":"Organization","@id":"https:\/\/institutopadrereus.net\/ipr\/#organization","name":"INSTITUTO PADRE REUS loja","url":"https:\/\/institutopadrereus.net\/ipr\/","logo":{"@type":"ImageObject","inLanguage":"pt-BR","@id":"https:\/\/institutopadrereus.net\/ipr\/#\/schema\/logo\/image\/","url":"https:\/\/institutopadrereus.net\/ipr\/wp-content\/uploads\/2024\/10\/loja-curso-2111.jpg","contentUrl":"https:\/\/institutopadrereus.net\/ipr\/wp-content\/uploads\/2024\/10\/loja-curso-2111.jpg","width":800,"height":800,"caption":"INSTITUTO PADRE REUS loja"},"image":{"@id":"https:\/\/institutopadrereus.net\/ipr\/#\/schema\/logo\/image\/"},"sameAs":["https:\/\/facebook.com\/institutopadrereusead"]}]}},"_links":{"self":[{"href":"https:\/\/institutopadrereus.net\/ipr\/wp-json\/wp\/v2\/product\/515","targetHints":{"allow":["GET"]}}],"collection":[{"href":"https:\/\/institutopadrereus.net\/ipr\/wp-json\/wp\/v2\/product"}],"about":[{"href":"https:\/\/institutopadrereus.net\/ipr\/wp-json\/wp\/v2\/types\/product"}],"wp:featuredmedia":[{"embeddable":true,"href":"https:\/\/institutopadrereus.net\/ipr\/wp-json\/wp\/v2\/media\/558"}],"wp:attachment":[{"href":"https:\/\/institutopadrereus.net\/ipr\/wp-json\/wp\/v2\/media?parent=515"}],"wp:term":[{"taxonomy":"product_brand","embeddable":true,"href":"https:\/\/institutopadrereus.net\/ipr\/wp-json\/wp\/v2\/product_brand?post=515"},{"taxonomy":"product_cat","embeddable":true,"href":"https:\/\/institutopadrereus.net\/ipr\/wp-json\/wp\/v2\/product_cat?post=515"},{"taxonomy":"product_tag","embeddable":true,"href":"https:\/\/institutopadrereus.net\/ipr\/wp-json\/wp\/v2\/product_tag?post=515"}],"curies":[{"name":"wp","href":"https:\/\/api.w.org\/{rel}","templated":true}]}}