{"id":577,"date":"2025-04-04T11:53:40","date_gmt":"2025-04-04T11:53:40","guid":{"rendered":"https:\/\/institutopadrereus.net\/ipr\/?post_type=product&#038;p=577"},"modified":"2026-03-03T00:38:26","modified_gmt":"2026-03-03T00:38:26","slug":"certificado-de-competencia","status":"publish","type":"product","link":"https:\/\/institutopadrereus.net\/ipr\/produto\/certificado-de-competencia\/","title":{"rendered":"A \/ Certificado 160 hs"},"content":{"rendered":"<p><span style=\"color: #0000ff;\">CERTIFICADO POR COMPET\u00caNCIA\u00a0<\/span><\/p>\n<p><span style=\"color: #ff0000;\">Carga hor\u00e1ria 160 hs<\/span><\/p>\n<p><span style=\"color: #0000ff;\">Somente para fins de trabalho<\/span><\/p>\n<p>EMITIMOS PARA TODAS AS \u00c1REAS<\/p>\n<p>Basta ter experi\u00eancia acima de 6 meses<\/p>\n<p>Nosso Certificado \u00e9 reconhecido<\/p>\n<p>Pelo mercado de trabalho e<\/p>\n<p>Tem o mesmo valor de<\/p>\n<p>Um Curso presencial<\/p>\n<p>O certificado ser\u00e1 preenchido<\/p>\n<p>Aqui na escola e vai com o conte\u00fado no verso<\/p>\n<p><span style=\"color: #0000ff;\">QUAL A GARANTIA DESTE CERTIFICADO ?<\/span><\/p>\n<p><span style=\"color: #000000;\">Resposta:<\/span><\/p>\n<p><span style=\"color: #000000;\">O nosso modelo de certifica\u00e7\u00e3o \u00e9<\/span><\/p>\n<p><span style=\"color: #000000;\">Baseado em um programa do<\/span><\/p>\n<p><span style=\"color: #000000;\">Minist\u00e9rio da Educa\u00e7\u00e3o\/MEC<\/span><\/p>\n<p><span style=\"color: #000000;\">O nome dele \u00e9: RE-SABER<\/span><\/p>\n<p><span style=\"color: #000000;\"><a style=\"color: #000000;\" href=\"https:\/\/www.gov.br\/mec\/pt-br\/resaber\" target=\"_blank\" rel=\"noopener\">Saiba mais Clique aqui<\/a><\/span><\/p>\n<p><span style=\"color: #ff0000;\">INSTITUTO PADRE REUS<\/span><\/p>\n<p><span style=\"color: #0000ff;\">Ensino a Dist\u00e2ncia desde 1974<\/span><\/p>\n","protected":false},"excerpt":{"rendered":"<p>CERTIFICADO POR COMPET\u00caNCIA\u00a0 Carga hor\u00e1ria 160 hs Somente para fins de trabalho EMITIMOS PARA TODAS AS \u00c1REAS Basta ter experi\u00eancia [&hellip;]<\/p>\n","protected":false},"featured_media":457,"template":"","meta":{"site-sidebar-layout":"default","site-content-layout":"","ast-site-content-layout":"default","site-content-style":"default","site-sidebar-style":"default","ast-global-header-display":"","ast-banner-title-visibility":"","ast-main-header-display":"","ast-hfb-above-header-display":"","ast-hfb-below-header-display":"","ast-hfb-mobile-header-display":"","site-post-title":"","ast-breadcrumbs-content":"","ast-featured-img":"","footer-sml-layout":"","ast-disable-related-posts":"","theme-transparent-header-meta":"default","adv-header-id-meta":"","stick-header-meta":"","header-above-stick-meta":"","header-main-stick-meta":"","header-below-stick-meta":"","astra-migrate-meta-layouts":"set","ast-page-background-enabled":"default","ast-page-background-meta":{"desktop":{"background-color":"var(--ast-global-color-4)","background-image":"","background-repeat":"repeat","background-position":"center center","background-size":"auto","background-attachment":"scroll","background-type":"","background-media":"","overlay-type":"","overlay-color":"","overlay-opacity":"","overlay-gradient":""},"tablet":{"background-color":"","background-image":"","background-repeat":"repeat","background-position":"center center","background-size":"auto","background-attachment":"scroll","background-type":"","background-media":"","overlay-type":"","overlay-color":"","overlay-opacity":"","overlay-gradient":""},"mobile":{"background-color":"","background-image":"","background-repeat":"repeat","background-position":"center center","background-size":"auto","background-attachment":"scroll","background-type":"","background-media":"","overlay-type":"","overlay-color":"","overlay-opacity":"","overlay-gradient":""}},"ast-content-background-meta":{"desktop":{"background-color":"var(--ast-global-color-5)","background-image":"","background-repeat":"repeat","background-position":"center center","background-size":"auto","background-attachment":"scroll","background-type":"","background-media":"","overlay-type":"","overlay-color":"","overlay-opacity":"","overlay-gradient":""},"tablet":{"background-color":"var(--ast-global-color-5)","background-image":"","background-repeat":"repeat","background-position":"center center","background-size":"auto","background-attachment":"scroll","background-type":"","background-media":"","overlay-type":"","overlay-color":"","overlay-opacity":"","overlay-gradient":""},"mobile":{"background-color":"var(--ast-global-color-5)","background-image":"","background-repeat":"repeat","background-position":"center center","background-size":"auto","background-attachment":"scroll","background-type":"","background-media":"","overlay-type":"","overlay-color":"","overlay-opacity":"","overlay-gradient":""}}},"product_brand":[],"product_cat":[23],"product_tag":[],"class_list":{"0":"post-577","1":"product","2":"type-product","3":"status-publish","4":"has-post-thumbnail","6":"product_cat-ja-sei-trabalhar-quero-so-o-certificado","7":"desktop-align-left","8":"tablet-align-left","9":"mobile-align-left","11":"first","12":"instock","13":"virtual","14":"taxable","15":"purchasable","16":"product-type-simple"},"yoast_head":"<!-- This site is optimized with the Yoast SEO plugin v27.3 - https:\/\/yoast.com\/product\/yoast-seo-wordpress\/ -->\n<title>A \/ Certificado 160 hs - INSTITUTO PADRE REUS EaD<\/title>\n<meta name=\"description\" content=\"Certificado por Compet\u00eancia, invista na sua vida profissional, nosso certificado tem o mesmo valor de um curso feito em sala aula e \u00e9 aceito em todo Brasil.\" \/>\n<meta name=\"robots\" content=\"index, follow, max-snippet:-1, max-image-preview:large, max-video-preview:-1\" \/>\n<link rel=\"canonical\" href=\"https:\/\/institutopadrereus.net\/ipr\/produto\/certificado-de-competencia\/\" \/>\n<meta property=\"og:locale\" content=\"pt_BR\" \/>\n<meta property=\"og:type\" content=\"article\" \/>\n<meta property=\"og:title\" content=\"A \/ Certificado 160 hs - INSTITUTO PADRE REUS EaD\" \/>\n<meta property=\"og:description\" content=\"Certificado por Compet\u00eancia, invista na sua vida profissional, nosso certificado tem o mesmo valor de um curso feito em sala aula e \u00e9 aceito em todo Brasil.\" \/>\n<meta property=\"og:url\" content=\"https:\/\/institutopadrereus.net\/ipr\/produto\/certificado-de-competencia\/\" \/>\n<meta property=\"og:site_name\" content=\"INSTITUTO PADRE REUS EaD\" \/>\n<meta property=\"article:publisher\" content=\"https:\/\/facebook.com\/institutopadrereusead\" \/>\n<meta property=\"article:modified_time\" content=\"2026-03-03T00:38:26+00:00\" \/>\n<meta property=\"og:image\" content=\"https:\/\/institutopadrereus.net\/ipr\/wp-content\/uploads\/2024\/10\/loja-leve-1.jpg\" \/>\n\t<meta property=\"og:image:width\" content=\"800\" \/>\n\t<meta property=\"og:image:height\" content=\"800\" \/>\n\t<meta property=\"og:image:type\" content=\"image\/jpeg\" \/>\n<meta name=\"twitter:card\" content=\"summary_large_image\" \/>\n<meta name=\"twitter:label1\" content=\"Est. tempo de leitura\" \/>\n\t<meta name=\"twitter:data1\" content=\"1 minuto\" \/>\n<script type=\"application\/ld+json\" class=\"yoast-schema-graph\">{\"@context\":\"https:\\\/\\\/schema.org\",\"@graph\":[{\"@type\":\"WebPage\",\"@id\":\"https:\\\/\\\/institutopadrereus.net\\\/ipr\\\/produto\\\/certificado-de-competencia\\\/\",\"url\":\"https:\\\/\\\/institutopadrereus.net\\\/ipr\\\/produto\\\/certificado-de-competencia\\\/\",\"name\":\"A \\\/ Certificado 160 hs - INSTITUTO PADRE REUS EaD\",\"isPartOf\":{\"@id\":\"https:\\\/\\\/institutopadrereus.net\\\/ipr\\\/#website\"},\"primaryImageOfPage\":{\"@id\":\"https:\\\/\\\/institutopadrereus.net\\\/ipr\\\/produto\\\/certificado-de-competencia\\\/#primaryimage\"},\"image\":{\"@id\":\"https:\\\/\\\/institutopadrereus.net\\\/ipr\\\/produto\\\/certificado-de-competencia\\\/#primaryimage\"},\"thumbnailUrl\":\"https:\\\/\\\/institutopadrereus.net\\\/ipr\\\/wp-content\\\/uploads\\\/2024\\\/10\\\/loja-leve-1.jpg\",\"datePublished\":\"2025-04-04T11:53:40+00:00\",\"dateModified\":\"2026-03-03T00:38:26+00:00\",\"description\":\"Certificado por Compet\u00eancia, invista na sua vida profissional, nosso certificado tem o mesmo valor de um curso feito em sala aula e \u00e9 aceito em todo Brasil.\",\"breadcrumb\":{\"@id\":\"https:\\\/\\\/institutopadrereus.net\\\/ipr\\\/produto\\\/certificado-de-competencia\\\/#breadcrumb\"},\"inLanguage\":\"pt-BR\",\"potentialAction\":[{\"@type\":\"ReadAction\",\"target\":[\"https:\\\/\\\/institutopadrereus.net\\\/ipr\\\/produto\\\/certificado-de-competencia\\\/\"]}]},{\"@type\":\"ImageObject\",\"inLanguage\":\"pt-BR\",\"@id\":\"https:\\\/\\\/institutopadrereus.net\\\/ipr\\\/produto\\\/certificado-de-competencia\\\/#primaryimage\",\"url\":\"https:\\\/\\\/institutopadrereus.net\\\/ipr\\\/wp-content\\\/uploads\\\/2024\\\/10\\\/loja-leve-1.jpg\",\"contentUrl\":\"https:\\\/\\\/institutopadrereus.net\\\/ipr\\\/wp-content\\\/uploads\\\/2024\\\/10\\\/loja-leve-1.jpg\",\"width\":800,\"height\":800},{\"@type\":\"BreadcrumbList\",\"@id\":\"https:\\\/\\\/institutopadrereus.net\\\/ipr\\\/produto\\\/certificado-de-competencia\\\/#breadcrumb\",\"itemListElement\":[{\"@type\":\"ListItem\",\"position\":1,\"name\":\"Home\",\"item\":\"https:\\\/\\\/institutopadrereus.net\\\/ipr\\\/\"},{\"@type\":\"ListItem\",\"position\":2,\"name\":\"EaD PADRE REUS\",\"item\":\"https:\\\/\\\/institutopadrereus.net\\\/ipr\\\/loja\\\/\"},{\"@type\":\"ListItem\",\"position\":3,\"name\":\"A \\\/ Certificado 160 hs\"}]},{\"@type\":\"WebSite\",\"@id\":\"https:\\\/\\\/institutopadrereus.net\\\/ipr\\\/#website\",\"url\":\"https:\\\/\\\/institutopadrereus.net\\\/ipr\\\/\",\"name\":\"INSTITUTO PADRE REUS loja\",\"description\":\"\",\"publisher\":{\"@id\":\"https:\\\/\\\/institutopadrereus.net\\\/ipr\\\/#organization\"},\"potentialAction\":[{\"@type\":\"SearchAction\",\"target\":{\"@type\":\"EntryPoint\",\"urlTemplate\":\"https:\\\/\\\/institutopadrereus.net\\\/ipr\\\/?s={search_term_string}\"},\"query-input\":{\"@type\":\"PropertyValueSpecification\",\"valueRequired\":true,\"valueName\":\"search_term_string\"}}],\"inLanguage\":\"pt-BR\"},{\"@type\":\"Organization\",\"@id\":\"https:\\\/\\\/institutopadrereus.net\\\/ipr\\\/#organization\",\"name\":\"INSTITUTO PADRE REUS loja\",\"url\":\"https:\\\/\\\/institutopadrereus.net\\\/ipr\\\/\",\"logo\":{\"@type\":\"ImageObject\",\"inLanguage\":\"pt-BR\",\"@id\":\"https:\\\/\\\/institutopadrereus.net\\\/ipr\\\/#\\\/schema\\\/logo\\\/image\\\/\",\"url\":\"https:\\\/\\\/institutopadrereus.net\\\/ipr\\\/wp-content\\\/uploads\\\/2024\\\/10\\\/loja-curso-2111.jpg\",\"contentUrl\":\"https:\\\/\\\/institutopadrereus.net\\\/ipr\\\/wp-content\\\/uploads\\\/2024\\\/10\\\/loja-curso-2111.jpg\",\"width\":800,\"height\":800,\"caption\":\"INSTITUTO PADRE REUS loja\"},\"image\":{\"@id\":\"https:\\\/\\\/institutopadrereus.net\\\/ipr\\\/#\\\/schema\\\/logo\\\/image\\\/\"},\"sameAs\":[\"https:\\\/\\\/facebook.com\\\/institutopadrereusead\"]}]}<\/script>\n<!-- \/ Yoast SEO plugin. -->","yoast_head_json":{"title":"A \/ Certificado 160 hs - INSTITUTO PADRE REUS EaD","description":"Certificado por Compet\u00eancia, invista na sua vida profissional, nosso certificado tem o mesmo valor de um curso feito em sala aula e \u00e9 aceito em todo Brasil.","robots":{"index":"index","follow":"follow","max-snippet":"max-snippet:-1","max-image-preview":"max-image-preview:large","max-video-preview":"max-video-preview:-1"},"canonical":"https:\/\/institutopadrereus.net\/ipr\/produto\/certificado-de-competencia\/","og_locale":"pt_BR","og_type":"article","og_title":"A \/ Certificado 160 hs - INSTITUTO PADRE REUS EaD","og_description":"Certificado por Compet\u00eancia, invista na sua vida profissional, nosso certificado tem o mesmo valor de um curso feito em sala aula e \u00e9 aceito em todo Brasil.","og_url":"https:\/\/institutopadrereus.net\/ipr\/produto\/certificado-de-competencia\/","og_site_name":"INSTITUTO PADRE REUS EaD","article_publisher":"https:\/\/facebook.com\/institutopadrereusead","article_modified_time":"2026-03-03T00:38:26+00:00","og_image":[{"width":800,"height":800,"url":"https:\/\/institutopadrereus.net\/ipr\/wp-content\/uploads\/2024\/10\/loja-leve-1.jpg","type":"image\/jpeg"}],"twitter_card":"summary_large_image","twitter_misc":{"Est. tempo de leitura":"1 minuto"},"schema":{"@context":"https:\/\/schema.org","@graph":[{"@type":"WebPage","@id":"https:\/\/institutopadrereus.net\/ipr\/produto\/certificado-de-competencia\/","url":"https:\/\/institutopadrereus.net\/ipr\/produto\/certificado-de-competencia\/","name":"A \/ Certificado 160 hs - INSTITUTO PADRE REUS EaD","isPartOf":{"@id":"https:\/\/institutopadrereus.net\/ipr\/#website"},"primaryImageOfPage":{"@id":"https:\/\/institutopadrereus.net\/ipr\/produto\/certificado-de-competencia\/#primaryimage"},"image":{"@id":"https:\/\/institutopadrereus.net\/ipr\/produto\/certificado-de-competencia\/#primaryimage"},"thumbnailUrl":"https:\/\/institutopadrereus.net\/ipr\/wp-content\/uploads\/2024\/10\/loja-leve-1.jpg","datePublished":"2025-04-04T11:53:40+00:00","dateModified":"2026-03-03T00:38:26+00:00","description":"Certificado por Compet\u00eancia, invista na sua vida profissional, nosso certificado tem o mesmo valor de um curso feito em sala aula e \u00e9 aceito em todo Brasil.","breadcrumb":{"@id":"https:\/\/institutopadrereus.net\/ipr\/produto\/certificado-de-competencia\/#breadcrumb"},"inLanguage":"pt-BR","potentialAction":[{"@type":"ReadAction","target":["https:\/\/institutopadrereus.net\/ipr\/produto\/certificado-de-competencia\/"]}]},{"@type":"ImageObject","inLanguage":"pt-BR","@id":"https:\/\/institutopadrereus.net\/ipr\/produto\/certificado-de-competencia\/#primaryimage","url":"https:\/\/institutopadrereus.net\/ipr\/wp-content\/uploads\/2024\/10\/loja-leve-1.jpg","contentUrl":"https:\/\/institutopadrereus.net\/ipr\/wp-content\/uploads\/2024\/10\/loja-leve-1.jpg","width":800,"height":800},{"@type":"BreadcrumbList","@id":"https:\/\/institutopadrereus.net\/ipr\/produto\/certificado-de-competencia\/#breadcrumb","itemListElement":[{"@type":"ListItem","position":1,"name":"Home","item":"https:\/\/institutopadrereus.net\/ipr\/"},{"@type":"ListItem","position":2,"name":"EaD PADRE REUS","item":"https:\/\/institutopadrereus.net\/ipr\/loja\/"},{"@type":"ListItem","position":3,"name":"A \/ Certificado 160 hs"}]},{"@type":"WebSite","@id":"https:\/\/institutopadrereus.net\/ipr\/#website","url":"https:\/\/institutopadrereus.net\/ipr\/","name":"INSTITUTO PADRE REUS loja","description":"","publisher":{"@id":"https:\/\/institutopadrereus.net\/ipr\/#organization"},"potentialAction":[{"@type":"SearchAction","target":{"@type":"EntryPoint","urlTemplate":"https:\/\/institutopadrereus.net\/ipr\/?s={search_term_string}"},"query-input":{"@type":"PropertyValueSpecification","valueRequired":true,"valueName":"search_term_string"}}],"inLanguage":"pt-BR"},{"@type":"Organization","@id":"https:\/\/institutopadrereus.net\/ipr\/#organization","name":"INSTITUTO PADRE REUS loja","url":"https:\/\/institutopadrereus.net\/ipr\/","logo":{"@type":"ImageObject","inLanguage":"pt-BR","@id":"https:\/\/institutopadrereus.net\/ipr\/#\/schema\/logo\/image\/","url":"https:\/\/institutopadrereus.net\/ipr\/wp-content\/uploads\/2024\/10\/loja-curso-2111.jpg","contentUrl":"https:\/\/institutopadrereus.net\/ipr\/wp-content\/uploads\/2024\/10\/loja-curso-2111.jpg","width":800,"height":800,"caption":"INSTITUTO PADRE REUS loja"},"image":{"@id":"https:\/\/institutopadrereus.net\/ipr\/#\/schema\/logo\/image\/"},"sameAs":["https:\/\/facebook.com\/institutopadrereusead"]}]}},"_links":{"self":[{"href":"https:\/\/institutopadrereus.net\/ipr\/wp-json\/wp\/v2\/product\/577","targetHints":{"allow":["GET"]}}],"collection":[{"href":"https:\/\/institutopadrereus.net\/ipr\/wp-json\/wp\/v2\/product"}],"about":[{"href":"https:\/\/institutopadrereus.net\/ipr\/wp-json\/wp\/v2\/types\/product"}],"wp:featuredmedia":[{"embeddable":true,"href":"https:\/\/institutopadrereus.net\/ipr\/wp-json\/wp\/v2\/media\/457"}],"wp:attachment":[{"href":"https:\/\/institutopadrereus.net\/ipr\/wp-json\/wp\/v2\/media?parent=577"}],"wp:term":[{"taxonomy":"product_brand","embeddable":true,"href":"https:\/\/institutopadrereus.net\/ipr\/wp-json\/wp\/v2\/product_brand?post=577"},{"taxonomy":"product_cat","embeddable":true,"href":"https:\/\/institutopadrereus.net\/ipr\/wp-json\/wp\/v2\/product_cat?post=577"},{"taxonomy":"product_tag","embeddable":true,"href":"https:\/\/institutopadrereus.net\/ipr\/wp-json\/wp\/v2\/product_tag?post=577"}],"curies":[{"name":"wp","href":"https:\/\/api.w.org\/{rel}","templated":true}]}}